{"id":4782,"date":"2022-01-31T16:33:34","date_gmt":"2022-01-31T15:33:34","guid":{"rendered":"https:\/\/www.gesuitieducazione.it\/?page_id=4782"},"modified":"2022-01-31T16:33:42","modified_gmt":"2022-01-31T15:33:42","slug":"informativa","status":"publish","type":"page","link":"https:\/\/www.gesuitieducazione.it\/en\/informativa\/","title":{"rendered":"Informativa"},"content":{"rendered":"\n<p>Ai sensi della normativa vigente in materia di protezione dei dati personali (Legge 196\/03 e s.m.i. e Regolamento UE n. 679 del 2016),\u00a0 la <strong>Fondazione Gesuiti Educazione<\/strong>\u00a0 informa che i trattamenti dei dati personali forniti <strong><em><u>sono effettuati con correttezza e trasparenza, per fini leciti e tutelando la sua riservatezza ed i suoi diritti.<\/u><\/em><\/strong><\/p>\n\n\n\n<p>I trattamenti sono effettuati, anche con l\u2019ausilio di mezzi informatici, per le seguenti finalit\u00e0:<\/p>\n\n\n\n<p>1. <strong>per i servizi formativi, contabili ed amministrativi.<\/strong> Trattandosi di trattamenti necessari non \u00e8 richiesto il suo consenso, tranne nel caso in cui siano conferiti dati particolari, cosiddetti sensibili. In caso di rifiuto a conferire i dati personali, non potremo fornirle i servizi richiesti. Il trattamento cesser\u00e0 al termine del percorso formativo, ma alcuni suoi dati personali potranno o dovranno continuare ad essere trattati per le finalit\u00e0 e con le modalit\u00e0 indicate nei punti successivi;<\/p>\n\n\n\n<p>2. <strong>per adempiere ai vigenti obblighi amministrativi, contabili e fiscali.<\/strong> Per tali finalit\u00e0 il trattamento \u00e8 effettuato senza necessit\u00e0 di acquisire il consenso. I dati sono trattati dalla <strong>Fondazione Gesuiti Educazione<\/strong>\u00a0 e dai nostri incaricati, e vengono comunicati all\u2019esterno solo in adempimento ad obblighi di legge. In caso di rifiuto a conferire i dati necessari per gli adempimenti sopra indicati, non potremo fornirle i servizi richiesti. I dati acquisiti per tali finalit\u00e0 vengono da noi conservati per il tempo previsto dalle rispettive normative (10 anni, e anche oltre in caso di accertamenti);<\/p>\n\n\n\n<p>3. <strong>per inviare messaggi<\/strong> (via telefono, SMS e\/o posta elettronica) di aggiornamento sulle nuove attivit\u00e0 o sui nuovi adempimenti oppure per ricordare scadenze o eventi. Per tale finalit\u00e0, previa acquisizione del suo consenso, i suoi dati saranno conservati per il periodo massimo di tre anni a decorrere dalla data dell\u2019ultimo contatto e non saranno comunicati a terzi. Potr\u00e0 revocare il consenso in qualsiasi momento;<\/p>\n\n\n\n<p>4. <strong>per l\u2019organizzazione di attivit\u00e0 extraformative<\/strong> come prenotazioni di strutture ricettive, trasferimenti, eventi, visite culturali ecc. Per tale finalit\u00e0 i suoi dati saranno comunicati a terzi e conservati per il solo periodo necessario all\u2019espletamento dell\u2019attivit\u00e0. Potr\u00e0 revocare il consenso in qualsiasi momento;<\/p>\n\n\n\n<p><strong>La Fondazione Gesuiti Educazione<\/strong>\u00a0 desidera inoltre informare che il Regolamento europeo le riconosce alcuni diritti, tra cui il <strong><em>diritto di accesso e di rettifica,\u00a0 di cancellazione o di limitazione,\u00a0 di opposizione al trattamento\u00a0 oltre al diritto alla portabilit\u00e0 dei dati<\/em><\/strong>, se ed in quanto applicabili (articoli da 15 a 22 del Regolamento UE n. 679 del 2016).<\/p>\n\n\n\n<p>Pu\u00f2 inoltre proporre reclamo all\u2019autorit\u00e0 di controllo, secondo le procedure previste dalla normativa vigente.<\/p>\n\n\n\n<p><strong>Per qualsiasi ulteriore informazione, e per far valere i diritti a lei riconosciuti dal Regolamento europeo, potr\u00e0 rivolgersi a:<\/strong><\/p>\n\n\n\n<p>Titolare del trattamento: <strong>Fondazione Gesuiti Educazione<\/strong><br>Via Leone XIII 16 \u2013 20145 Milano<br>E-mail: segreteria@gesuitieducazione.it<br>Tel. 02 366 30 463<br> \u00a0\u00a0\u00a0\u00a0\u00a0\u00a0\u00a0\u00a0\u00a0\u00a0\u00a0\u00a0\u00a0\u00a0\u00a0\u00a0\u00a0\u00a0\u00a0\u00a0\u00a0\u00a0\u00a0\u00a0                   <\/p>\n","protected":false},"excerpt":{"rendered":"<p>Ai sensi della normativa vigente in materia di protezione dei dati personali (Legge 196\/03 e s.m.i. e Regolamento UE n. 679 del 2016),\u00a0 la Fondazione Gesuiti Educazione\u00a0 informa che i trattamenti dei dati personali forniti sono effettuati con correttezza e trasparenza, per fini leciti e tutelando la sua riservatezza ed i suoi diritti. I trattamenti [&hellip;]<\/p>\n","protected":false},"author":4,"featured_media":0,"parent":0,"menu_order":0,"comment_status":"closed","ping_status":"closed","template":"","meta":{"_acf_changed":false,"footnotes":""},"istituto":[],"partner":[],"class_list":["post-4782","page","type-page","status-publish","hentry"],"acf":[],"_links":{"self":[{"href":"https:\/\/www.gesuitieducazione.it\/en\/wp-json\/wp\/v2\/pages\/4782"}],"collection":[{"href":"https:\/\/www.gesuitieducazione.it\/en\/wp-json\/wp\/v2\/pages"}],"about":[{"href":"https:\/\/www.gesuitieducazione.it\/en\/wp-json\/wp\/v2\/types\/page"}],"author":[{"embeddable":true,"href":"https:\/\/www.gesuitieducazione.it\/en\/wp-json\/wp\/v2\/users\/4"}],"replies":[{"embeddable":true,"href":"https:\/\/www.gesuitieducazione.it\/en\/wp-json\/wp\/v2\/comments?post=4782"}],"version-history":[{"count":1,"href":"https:\/\/www.gesuitieducazione.it\/en\/wp-json\/wp\/v2\/pages\/4782\/revisions"}],"predecessor-version":[{"id":4783,"href":"https:\/\/www.gesuitieducazione.it\/en\/wp-json\/wp\/v2\/pages\/4782\/revisions\/4783"}],"wp:attachment":[{"href":"https:\/\/www.gesuitieducazione.it\/en\/wp-json\/wp\/v2\/media?parent=4782"}],"wp:term":[{"taxonomy":"istituto","embeddable":true,"href":"https:\/\/www.gesuitieducazione.it\/en\/wp-json\/wp\/v2\/istituto?post=4782"},{"taxonomy":"partner","embeddable":true,"href":"https:\/\/www.gesuitieducazione.it\/en\/wp-json\/wp\/v2\/partner?post=4782"}],"curies":[{"name":"wp","href":"https:\/\/api.w.org\/{rel}","templated":true}]}}